{"id":867,"date":"2023-11-22T22:34:31","date_gmt":"2023-11-22T22:34:31","guid":{"rendered":"https:\/\/wolfprimesolutions.com\/acerca-de\/"},"modified":"2023-12-23T05:51:58","modified_gmt":"2023-12-23T05:51:58","slug":"acerca-de","status":"publish","type":"page","link":"https:\/\/wolfprimesolutions.com\/es\/acerca-de\/","title":{"rendered":"Acerca De"},"content":{"rendered":"\t\t<div data-elementor-type=\"wp-page\" data-elementor-id=\"867\" class=\"elementor elementor-867 elementor-63\" data-elementor-post-type=\"page\">\n\t\t\t\t<div class=\"elementor-element elementor-element-1d4d8ec e-flex e-con-boxed e-con e-parent\" data-id=\"1d4d8ec\" data-element_type=\"container\" data-settings=\"{&quot;background_background&quot;:&quot;classic&quot;}\">\n\t\t\t\t\t<div class=\"e-con-inner\">\n\t\t<div class=\"elementor-element elementor-element-796f8c7a e-con-full e-flex e-con e-child\" data-id=\"796f8c7a\" data-element_type=\"container\">\n\t\t\t\t<div class=\"elementor-element elementor-element-19b14d5d elementor-invisible elementor-widget elementor-widget-heading\" data-id=\"19b14d5d\" data-element_type=\"widget\" data-settings=\"{&quot;_animation&quot;:&quot;fadeIn&quot;}\" data-widget_type=\"heading.default\">\n\t\t\t\t<div class=\"elementor-widget-container\">\n\t\t\t\t\t<h1 class=\"elementor-heading-title elementor-size-default\">Con m\u00e1s de 17 a\u00f1os de <b>experiencia<\/b><\/h1>\t\t\t\t<\/div>\n\t\t\t\t<\/div>\n\t\t\t\t<\/div>\n\t\t<div class=\"elementor-element elementor-element-d81a5e e-con-full e-flex e-con e-child\" data-id=\"d81a5e\" data-element_type=\"container\">\n\t\t\t\t<div class=\"elementor-element elementor-element-7df6938c elementor-invisible elementor-widget elementor-widget-heading\" data-id=\"7df6938c\" data-element_type=\"widget\" data-settings=\"{&quot;_animation&quot;:&quot;fadeIn&quot;,&quot;_animation_delay&quot;:300}\" data-widget_type=\"heading.default\">\n\t\t\t\t<div class=\"elementor-widget-container\">\n\t\t\t\t\t<h3 class=\"elementor-heading-title elementor-size-default\">&nbsp;y un <b>compromiso<\/b><\/h3>\t\t\t\t<\/div>\n\t\t\t\t<\/div>\n\t\t\t\t<div class=\"elementor-element elementor-element-5ec120e4 elementor-widget elementor-widget-text-editor\" data-id=\"5ec120e4\" data-element_type=\"widget\" data-widget_type=\"text-editor.default\">\n\t\t\t\t<div class=\"elementor-widget-container\">\n\t\t\t\t\t\t\t\t\t<p>con el desarrollo financiero de nuestros clientes, Wolf Prime Solutions se ha convertido en un socio de confianza para la comunidad hispana en su camino hacia el \u00e9xito financiero.<br \/>Nuestra empresa est\u00e1 comprometida a ayudar a nuestros clientes a alcanzar sus objetivos financieros. Ofrecemos una amplia gama de servicios financieros, incluyendo la preparaci\u00f3n de impuestos, cr\u00e9dito<\/p>\n\t\t\t\t\t\t\t\t<\/div>\n\t\t\t\t<\/div>\n\t\t\t\t<\/div>\n\t\t\t\t\t<\/div>\n\t\t\t\t<\/div>\n\t\t<div class=\"elementor-element elementor-element-6460feff e-con-full e-flex e-con e-parent\" data-id=\"6460feff\" data-element_type=\"container\" data-settings=\"{&quot;background_background&quot;:&quot;classic&quot;}\">\n\t\t\t\t<div class=\"elementor-element elementor-element-13f51295 elementor-widget__width-inherit elementor-widget-mobile__width-initial elementor-invisible elementor-widget elementor-widget-image\" data-id=\"13f51295\" data-element_type=\"widget\" data-settings=\"{&quot;_animation&quot;:&quot;slideInDown&quot;}\" data-widget_type=\"image.default\">\n\t\t\t\t<div class=\"elementor-widget-container\">\n\t\t\t\t\t\t\t\t\t\t\t\t\t\t\t<img fetchpriority=\"high\" decoding=\"async\" width=\"890\" height=\"857\" src=\"https:\/\/wolfprimesolutions.com\/wp-content\/uploads\/2023\/12\/wolf-prime.jpg\" class=\"attachment-full size-full wp-image-983\" alt=\"\" srcset=\"https:\/\/wolfprimesolutions.com\/wp-content\/uploads\/2023\/12\/wolf-prime.jpg 890w, https:\/\/wolfprimesolutions.com\/wp-content\/uploads\/2023\/12\/wolf-prime-300x289.jpg 300w, https:\/\/wolfprimesolutions.com\/wp-content\/uploads\/2023\/12\/wolf-prime-768x740.jpg 768w\" sizes=\"(max-width: 890px) 100vw, 890px\" \/>\t\t\t\t\t\t\t\t\t\t\t\t\t\t\t<\/div>\n\t\t\t\t<\/div>\n\t\t\t\t<\/div>\n\t\t<div class=\"elementor-element elementor-element-5db61b52 e-flex e-con-boxed e-con e-parent\" data-id=\"5db61b52\" data-element_type=\"container\">\n\t\t\t\t\t<div class=\"e-con-inner\">\n\t\t<div class=\"elementor-element elementor-element-16178dd9 e-con-full e-flex e-con e-child\" data-id=\"16178dd9\" data-element_type=\"container\">\n\t\t\t\t<div class=\"elementor-element elementor-element-60dcbb9b elementor-invisible elementor-widget elementor-widget-heading\" data-id=\"60dcbb9b\" data-element_type=\"widget\" data-settings=\"{&quot;_animation&quot;:&quot;fadeIn&quot;}\" data-widget_type=\"heading.default\">\n\t\t\t\t<div class=\"elementor-widget-container\">\n\t\t\t\t\t<h2 class=\"elementor-heading-title elementor-size-default\">Enfoque impulsado por la misi\u00f3n<\/h2>\t\t\t\t<\/div>\n\t\t\t\t<\/div>\n\t\t\t\t<\/div>\n\t\t<div class=\"elementor-element elementor-element-18867cbc e-con-full e-flex e-con e-child\" data-id=\"18867cbc\" data-element_type=\"container\">\n\t\t<div class=\"elementor-element elementor-element-2ab24a48 e-con-full e-flex elementor-invisible e-con e-child\" data-id=\"2ab24a48\" data-element_type=\"container\" data-settings=\"{&quot;animation&quot;:&quot;slideInDown&quot;,&quot;animation_tablet&quot;:&quot;slideInLeft&quot;}\">\n\t\t\t\t<div class=\"elementor-element elementor-element-acdb9f6 elementor-widget__width-initial e-transform elementor-widget-divider--view-line elementor-widget elementor-widget-divider\" data-id=\"acdb9f6\" data-element_type=\"widget\" data-settings=\"{&quot;motion_fx_motion_fx_scrolling&quot;:&quot;yes&quot;,&quot;motion_fx_translateX_effect&quot;:&quot;yes&quot;,&quot;motion_fx_translateX_speed&quot;:{&quot;unit&quot;:&quot;px&quot;,&quot;size&quot;:2,&quot;sizes&quot;:[]},&quot;motion_fx_translateX_affectedRange&quot;:{&quot;unit&quot;:&quot;%&quot;,&quot;size&quot;:&quot;&quot;,&quot;sizes&quot;:{&quot;start&quot;:0,&quot;end&quot;:50}},&quot;motion_fx_rotateZ_effect&quot;:&quot;yes&quot;,&quot;motion_fx_rotateZ_speed&quot;:{&quot;unit&quot;:&quot;px&quot;,&quot;size&quot;:10,&quot;sizes&quot;:[]},&quot;motion_fx_rotateZ_affectedRange&quot;:{&quot;unit&quot;:&quot;%&quot;,&quot;size&quot;:&quot;&quot;,&quot;sizes&quot;:{&quot;start&quot;:0,&quot;end&quot;:49}},&quot;_transform_rotateZ_effect&quot;:{&quot;unit&quot;:&quot;px&quot;,&quot;size&quot;:-10,&quot;sizes&quot;:[]},&quot;motion_fx_devices&quot;:[&quot;desktop&quot;,&quot;tablet&quot;,&quot;mobile&quot;],&quot;_transform_rotateZ_effect_tablet&quot;:{&quot;unit&quot;:&quot;deg&quot;,&quot;size&quot;:&quot;&quot;,&quot;sizes&quot;:[]},&quot;_transform_rotateZ_effect_mobile&quot;:{&quot;unit&quot;:&quot;deg&quot;,&quot;size&quot;:&quot;&quot;,&quot;sizes&quot;:[]}}\" data-widget_type=\"divider.default\">\n\t\t\t\t<div class=\"elementor-widget-container\">\n\t\t\t\t\t\t\t<div class=\"elementor-divider\">\n\t\t\t<span class=\"elementor-divider-separator\">\n\t\t\t\t\t\t<\/span>\n\t\t<\/div>\n\t\t\t\t\t\t<\/div>\n\t\t\t\t<\/div>\n\t\t\t\t<div class=\"elementor-element elementor-element-10c88e99 elementor-widget elementor-widget-text-editor\" data-id=\"10c88e99\" data-element_type=\"widget\" data-widget_type=\"text-editor.default\">\n\t\t\t\t<div class=\"elementor-widget-container\">\n\t\t\t\t\t\t\t\t\t<p>En Wolf Prime Solutions, nuestra misi\u00f3n es clara: guiar a nuestros clientes hacia el \u00e9xito financiero. A trav\u00e9s de servicios especializados como preparaci\u00f3n de impuestos, reparaci\u00f3n de cr\u00e9dito, formaci\u00f3n y registro de empresas, n\u00f3mina y contabilidad, y refinanciamiento de pr\u00e9stamos de veh\u00edculos, nos hemos comprometido a crear un enfoque basado en soluciones que sea transparente y personalizado para cada cliente. Estamos orgullosos de ofrecer soluciones individuales r\u00e1pidas y eficientes que ayudan con las diversas necesidades de nuestra clientela.<\/p>\n\t\t\t\t\t\t\t\t<\/div>\n\t\t\t\t<\/div>\n\t\t\t\t<\/div>\n\t\t\t\t<\/div>\n\t\t\t\t\t<\/div>\n\t\t\t\t<\/div>\n\t\t<div class=\"elementor-element elementor-element-15f1295 e-flex e-con-boxed e-con e-parent\" data-id=\"15f1295\" data-element_type=\"container\">\n\t\t\t\t\t<div class=\"e-con-inner\">\n\t\t<div class=\"elementor-element elementor-element-d66359e e-con-full e-flex e-con e-child\" data-id=\"d66359e\" data-element_type=\"container\">\n\t\t\t\t<div class=\"elementor-element elementor-element-b355aae elementor-invisible elementor-widget elementor-widget-heading\" data-id=\"b355aae\" data-element_type=\"widget\" data-settings=\"{&quot;_animation&quot;:&quot;fadeIn&quot;}\" data-widget_type=\"heading.default\">\n\t\t\t\t<div class=\"elementor-widget-container\">\n\t\t\t\t\t<h2 class=\"elementor-heading-title elementor-size-default\">Vision <br> para el futuro<\/h2>\t\t\t\t<\/div>\n\t\t\t\t<\/div>\n\t\t\t\t<\/div>\n\t\t<div class=\"elementor-element elementor-element-89b71dd e-con-full e-flex e-con e-child\" data-id=\"89b71dd\" data-element_type=\"container\">\n\t\t<div class=\"elementor-element elementor-element-465634f e-con-full e-flex elementor-invisible e-con e-child\" data-id=\"465634f\" data-element_type=\"container\" data-settings=\"{&quot;animation&quot;:&quot;slideInDown&quot;,&quot;animation_tablet&quot;:&quot;slideInLeft&quot;}\">\n\t\t\t\t<div class=\"elementor-element elementor-element-b3e7baf elementor-widget__width-initial e-transform elementor-widget-divider--view-line elementor-widget elementor-widget-divider\" data-id=\"b3e7baf\" data-element_type=\"widget\" data-settings=\"{&quot;motion_fx_motion_fx_scrolling&quot;:&quot;yes&quot;,&quot;motion_fx_translateX_effect&quot;:&quot;yes&quot;,&quot;motion_fx_translateX_speed&quot;:{&quot;unit&quot;:&quot;px&quot;,&quot;size&quot;:2,&quot;sizes&quot;:[]},&quot;motion_fx_translateX_affectedRange&quot;:{&quot;unit&quot;:&quot;%&quot;,&quot;size&quot;:&quot;&quot;,&quot;sizes&quot;:{&quot;start&quot;:0,&quot;end&quot;:50}},&quot;motion_fx_rotateZ_effect&quot;:&quot;yes&quot;,&quot;motion_fx_rotateZ_speed&quot;:{&quot;unit&quot;:&quot;px&quot;,&quot;size&quot;:10,&quot;sizes&quot;:[]},&quot;motion_fx_rotateZ_affectedRange&quot;:{&quot;unit&quot;:&quot;%&quot;,&quot;size&quot;:&quot;&quot;,&quot;sizes&quot;:{&quot;start&quot;:0,&quot;end&quot;:49}},&quot;_transform_rotateZ_effect&quot;:{&quot;unit&quot;:&quot;px&quot;,&quot;size&quot;:-10,&quot;sizes&quot;:[]},&quot;motion_fx_devices&quot;:[&quot;desktop&quot;,&quot;tablet&quot;,&quot;mobile&quot;],&quot;_transform_rotateZ_effect_tablet&quot;:{&quot;unit&quot;:&quot;deg&quot;,&quot;size&quot;:&quot;&quot;,&quot;sizes&quot;:[]},&quot;_transform_rotateZ_effect_mobile&quot;:{&quot;unit&quot;:&quot;deg&quot;,&quot;size&quot;:&quot;&quot;,&quot;sizes&quot;:[]}}\" data-widget_type=\"divider.default\">\n\t\t\t\t<div class=\"elementor-widget-container\">\n\t\t\t\t\t\t\t<div class=\"elementor-divider\">\n\t\t\t<span class=\"elementor-divider-separator\">\n\t\t\t\t\t\t<\/span>\n\t\t<\/div>\n\t\t\t\t\t\t<\/div>\n\t\t\t\t<\/div>\n\t\t\t\t<div class=\"elementor-element elementor-element-d9aed45 elementor-widget elementor-widget-text-editor\" data-id=\"d9aed45\" data-element_type=\"widget\" data-widget_type=\"text-editor.default\">\n\t\t\t\t<div class=\"elementor-widget-container\">\n\t\t\t\t\t\t\t\t\t<p>Mirando hacia el futuro, aspiramos a ser l\u00edderes en brindar soluciones financieras s\u00f3lidas y reales para los hispanos y la comunidad estadounidense en general. Nuestra visi\u00f3n va m\u00e1s all\u00e1 de la excelencia transaccional; Buscamos ser reconocidos por fomentar una red s\u00f3lida y confiable que llegue a todos los rincones de los Estados Unidos. Esta red no se trata s\u00f3lo de servicios; se trata de construir una comunidad donde nuestra experiencia y eficiencia sean soluciones financieras al alcance de todos.<\/p>\n\t\t\t\t\t\t\t\t<\/div>\n\t\t\t\t<\/div>\n\t\t\t\t<\/div>\n\t\t\t\t<\/div>\n\t\t\t\t\t<\/div>\n\t\t\t\t<\/div>\n\t\t<div class=\"elementor-element elementor-element-23e826c2 e-flex e-con-boxed e-con e-parent\" data-id=\"23e826c2\" data-element_type=\"container\">\n\t\t\t\t\t<div class=\"e-con-inner\">\n\t\t\t\t<div class=\"elementor-element elementor-element-5c173165 elementor-widget__width-initial elementor-invisible elementor-widget elementor-widget-heading\" data-id=\"5c173165\" data-element_type=\"widget\" data-settings=\"{&quot;_animation&quot;:&quot;fadeIn&quot;}\" data-widget_type=\"heading.default\">\n\t\t\t\t<div class=\"elementor-widget-container\">\n\t\t\t\t\t<h2 class=\"elementor-heading-title elementor-size-default\">Construyendo el \u00e9xito juntos<\/h2>\t\t\t\t<\/div>\n\t\t\t\t<\/div>\n\t\t\t\t<div class=\"elementor-element elementor-element-52b4984 elementor-widget elementor-widget-text-editor\" data-id=\"52b4984\" data-element_type=\"widget\" data-widget_type=\"text-editor.default\">\n\t\t\t\t<div class=\"elementor-widget-container\">\n\t\t\t\t\t\t\t\t\t<p>Mirando hacia el futuro, aspiramos a ser l\u00edderes en brindar soluciones financieras s\u00f3lidas y reales para los hispanos y la comunidad estadounidense en general. Nuestra visi\u00f3n va m\u00e1s all\u00e1 de la excelencia transaccional; Buscamos ser reconocidos por fomentar una red s\u00f3lida y confiable que llegue a todos los rincones de los Estados Unidos. Esta red no se trata s\u00f3lo de servicios; se trata de construir una comunidad donde nuestra experiencia y eficiencia sean soluciones financieras al alcance de todos.<\/p>\n\t\t\t\t\t\t\t\t<\/div>\n\t\t\t\t<\/div>\n\t\t\t\t\t<\/div>\n\t\t\t\t<\/div>\n\t\t<div class=\"elementor-element elementor-element-ced0be9 e-con-full e-flex e-con e-parent\" data-id=\"ced0be9\" data-element_type=\"container\" data-settings=\"{&quot;background_background&quot;:&quot;classic&quot;}\">\n\t\t<div class=\"elementor-element elementor-element-ba3e5d4 e-con-full e-flex e-con e-child\" data-id=\"ba3e5d4\" data-element_type=\"container\">\n\t\t\t\t<div class=\"elementor-element elementor-element-a7ec0ba elementor-invisible elementor-widget elementor-widget-heading\" data-id=\"a7ec0ba\" data-element_type=\"widget\" data-settings=\"{&quot;_animation&quot;:&quot;fadeIn&quot;}\" data-widget_type=\"heading.default\">\n\t\t\t\t<div class=\"elementor-widget-container\">\n\t\t\t\t\t<h2 class=\"elementor-heading-title elementor-size-default\">Su viaje hacia el \u00e9xito financiero comienza aqu\u00ed<\/h2>\t\t\t\t<\/div>\n\t\t\t\t<\/div>\n\t\t\t\t<div class=\"elementor-element elementor-element-9339ef1 elementor-invisible elementor-widget elementor-widget-text-editor\" data-id=\"9339ef1\" data-element_type=\"widget\" data-settings=\"{&quot;_animation&quot;:&quot;fadeIn&quot;,&quot;_animation_delay&quot;:300}\" data-widget_type=\"text-editor.default\">\n\t\t\t\t<div class=\"elementor-widget-container\">\n\t\t\t\t\t\t\t\t\t<p>\u00bfTienes una consulta espec\u00edfica o necesitas asistencia personalizada? Env\u00edanos un mensaje utilizando el formulario a continuaci\u00f3n y nuestro equipo se comunicar\u00e1 contigo lo antes posible.<\/p>\n\t\t\t\t\t\t\t\t<\/div>\n\t\t\t\t<\/div>\n\t\t\t\t<div class=\"elementor-element elementor-element-8baa1b7 elementor-align-justify elementor-widget__width-initial elementor-invisible elementor-widget elementor-widget-button\" data-id=\"8baa1b7\" data-element_type=\"widget\" data-settings=\"{&quot;_animation&quot;:&quot;fadeIn&quot;,&quot;_animation_delay&quot;:600}\" data-widget_type=\"button.default\">\n\t\t\t\t<div class=\"elementor-widget-container\">\n\t\t\t\t\t\t\t\t\t<div class=\"elementor-button-wrapper\">\n\t\t\t\t\t<a class=\"elementor-button elementor-button-link elementor-size-sm\" href=\"https:\/\/wolfprimesolutions.com\/es\/contacto\/\">\n\t\t\t\t\t\t<span class=\"elementor-button-content-wrapper\">\n\t\t\t\t\t\t\t\t\t<span class=\"elementor-button-text\">Cont\u00e1ctanos<\/span>\n\t\t\t\t\t<\/span>\n\t\t\t\t\t<\/a>\n\t\t\t\t<\/div>\n\t\t\t\t\t\t\t\t<\/div>\n\t\t\t\t<\/div>\n\t\t\t\t<\/div>\n\t\t<div class=\"elementor-element elementor-element-f4d2abd e-con-full e-flex e-con e-child\" data-id=\"f4d2abd\" data-element_type=\"container\" data-settings=\"{&quot;background_background&quot;:&quot;classic&quot;}\">\n\t\t\t\t<\/div>\n\t\t\t\t<\/div>\n\t\t\t\t<\/div>\n\t\t","protected":false},"excerpt":{"rendered":"<p>Con m\u00e1s de 17 a\u00f1os de experiencia &nbsp;y un compromiso con el desarrollo financiero de nuestros clientes, Wolf Prime Solutions se ha convertido en un socio de confianza para la comunidad hispana en su camino hacia el \u00e9xito financiero.Nuestra empresa est\u00e1 comprometida a ayudar a nuestros clientes a alcanzar sus objetivos financieros. Ofrecemos una amplia [&hellip;]<\/p>\n","protected":false},"author":1,"featured_media":0,"parent":0,"menu_order":0,"comment_status":"closed","ping_status":"closed","template":"elementor_header_footer","meta":{"footnotes":""},"class_list":["post-867","page","type-page","status-publish","hentry"],"_links":{"self":[{"href":"https:\/\/wolfprimesolutions.com\/es\/wp-json\/wp\/v2\/pages\/867","targetHints":{"allow":["GET"]}}],"collection":[{"href":"https:\/\/wolfprimesolutions.com\/es\/wp-json\/wp\/v2\/pages"}],"about":[{"href":"https:\/\/wolfprimesolutions.com\/es\/wp-json\/wp\/v2\/types\/page"}],"author":[{"embeddable":true,"href":"https:\/\/wolfprimesolutions.com\/es\/wp-json\/wp\/v2\/users\/1"}],"replies":[{"embeddable":true,"href":"https:\/\/wolfprimesolutions.com\/es\/wp-json\/wp\/v2\/comments?post=867"}],"version-history":[{"count":21,"href":"https:\/\/wolfprimesolutions.com\/es\/wp-json\/wp\/v2\/pages\/867\/revisions"}],"predecessor-version":[{"id":1145,"href":"https:\/\/wolfprimesolutions.com\/es\/wp-json\/wp\/v2\/pages\/867\/revisions\/1145"}],"wp:attachment":[{"href":"https:\/\/wolfprimesolutions.com\/es\/wp-json\/wp\/v2\/media?parent=867"}],"curies":[{"name":"wp","href":"https:\/\/api.w.org\/{rel}","templated":true}]}}